{"id":16792,"date":"2020-07-22T12:16:35","date_gmt":"2020-07-22T10:16:35","guid":{"rendered":"https:\/\/www.provins.net\/?page_id=16792"},"modified":"2025-03-06T11:55:57","modified_gmt":"2025-03-06T10:55:57","slug":"coming-to-provins-by-car-or-motorbike","status":"publish","type":"page","link":"https:\/\/provins.net\/en\/prepare-your-trip\/to-contact-and-to-reach-us\/coming-to-provins-by-car-or-motorbike\/","title":{"rendered":"Coming to Provins by car or motorbike"},"content":{"rendered":"<div class=\"wpb-content-wrapper\"><p>[vc_row][vc_column][vc_column_text el_class=&#8221;accroche&#8221;]<\/p>\n<h3 style=\"text-align: center;\">Where to park in the medieval town of Provins?<\/h3>\n<p>[\/vc_column_text][\/vc_column][\/vc_row][vc_row][vc_column][vc_single_image image=&#8221;17305&#8243; img_size=&#8221;medium&#8221; alignment=&#8221;center&#8221;][vc_empty_space height=&#8221;25&#8243;][vc_row_inner][vc_column_inner][vc_custom_heading text=&#8221;Notice to Visitors&#8221; font_container=&#8221;tag:h3|text_align:left&#8221; google_fonts=&#8221;font_family:Oswald%3A300%2Cregular%2C700|font_style:400%20regular%3A400%3Anormal&#8221; el_class=&#8221;souligne&#8221;][vc_empty_space height=&#8221;25&#8243;][vc_column_text]<strong>\u2022 During The Medieval Festival of Provins (14 &amp; 15 June 2025 &#8211; subject to change):<br \/>\n<\/strong>The parking near the Tourist Office is exceptionally closed for the festival.<br \/>\nA free parking for campers will be at your disposal from Thursday before, until the end of the festival.<br \/>\nTo find this area, please follow the signs from the Tourist Office throw town (shower, WC, but no water and no electricity).<br \/>\nFor all visitors, free parkings and shuttles will be at your disposal. Remember the parking number to take back the right shuttle.<\/p>\n<p><strong>\u2022 For the funfair (the first three weeks of November &#8211; subject to change):<br \/>\n<\/strong>Exceptionally and by municipal decree, the car park of the Villecran area, next to the Tourist Office, is reserved for fairground workers.<br \/>\nHere is a list of the main free car parks near the Tourist Office, where the team will be pleased to welcome you every day: rue du G\u00e9n\u00e9ral de Gaulle, car park rue du Bourg Neuf, place du Ch\u00e2tel, place Saint-Quiriace, rue du Palais, porte de Jouy.<\/p>\n<p><strong>\u2022 During the event &#8220;Christmas in Provins&#8221; (13 &amp; 14 December 2025 &#8211; subject to change):<\/strong><br \/>\nPlacers will be mobilised to optimise parking, with the support of the Police Municipale.<br \/>\nThe Tourist Office car park will be open to the public subject to availability.<br \/>\nPriority will be given to disabled people, troops and craftsmen.<br \/>\nYou will also be directed to the usual car parks in the town centre, as well as those specially set up on the boulevard d&#8217;Aligre, the old distillery (route de Bray), the Parc des Sports, etc.<br \/>\nOur advice: <strong>download the full programme, including a map of the town (only in French)<\/strong>, available soon.[\/vc_column_text][vc_empty_space height=&#8221;50&#8243;][\/vc_column_inner][\/vc_row_inner][vc_empty_space height=&#8221;50&#8243;][vc_row_inner][vc_column_inner width=&#8221;2\/3&#8243;][vc_custom_heading text=&#8221;Parking in the upper town&#8221; font_container=&#8221;tag:h3|text_align:left&#8221; google_fonts=&#8221;font_family:Oswald%3A300%2Cregular%2C700|font_style:400%20regular%3A400%3Anormal&#8221; el_class=&#8221;souligne&#8221;][vc_empty_space height=&#8221;25&#8243;][vc_column_text]The Provins Tourist Office has a <strong>large car park<\/strong>, including 7 spaces reserved for the <strong>people with disabilities<\/strong>.<\/p>\n<p>To ensure everyone&#8217;s comfort and safety, traffic in the medieval town is regulated during the high season: only authorized vehicles are allowed access by municipal decree.<br \/>\n<strong>A measure to enjoy your visit in complete peace of mind<\/strong>!<\/p>\n<p>\u2022<strong> For cars:<\/strong> paying on weekends, public holidays and bridges from the last weekend of March to All Saints&#8217; Day weekend, and exceptionally on municipal by-law.<br \/>\nIt is free the rest of the year.<br \/>\n<strong>Prices:<\/strong> 4 \u20ac per complete day &#8211; 2 \u20ac for half day\u00a0 (from 1 p.m.).<\/p>\n<p>\u2022 <strong>For motorbikes: <\/strong>parking is free all year long .<\/p>\n<p><em><strong>Parking is paid for in cash only, on arrival and at the municipal offices (cash dispensers nearby).<\/strong><\/em><br \/>\n<em><strong>Thank you for your understanding.<\/strong><\/em>[\/vc_column_text][\/vc_column_inner][vc_column_inner width=&#8221;1\/3&#8243;][vc_single_image image=&#8221;16936&#8243; img_size=&#8221;full&#8221; alignment=&#8221;center&#8221; onclick=&#8221;img_link_large&#8221; img_link_target=&#8221;_blank&#8221;][\/vc_column_inner][\/vc_row_inner][vc_row_inner][vc_column_inner width=&#8221;2\/3&#8243;][vc_custom_heading text=&#8221;Parking in the downtown&#8221; font_container=&#8221;tag:h3|text_align:left&#8221; google_fonts=&#8221;font_family:Oswald%3A300%2Cregular%2C700|font_style:400%20regular%3A400%3Anormal&#8221; el_class=&#8221;souligne&#8221;][vc_empty_space height=&#8221;25&#8243;][vc_column_text]<strong>All parkings in the downtown of Provins are free!<\/strong><br \/>\nSome, however, are located in the blue zone, to be used with a current European disc.<\/p>\n<p><strong>Unlimited parkings:<\/strong><br \/>\n&#8211; 178 places in the quartier Delort, between the Saint-Ayoul church and the Centre Culturel et Sportif de Saint-Ayoul (cultural centre).<br \/>\n&#8211; From 400 to 500 places, on the place du 29e Dragons and in the avenue Alain Peyreffite, facing the police station.<br \/>\n&#8211; 129 places, located rue Sainte Croix, near the sub-prefecture.<br \/>\n&#8211; 76 places, on the place du Clo\u00eetre, near the Tour Notre-Dame-du-Val.<\/p>\n<p><strong>Blue zone parkings:<\/strong><br \/>\n&#8211; 63 places, on the place de la R\u00e9sistance et de la D\u00e9portation, right next to the Sainte-Croix church.<br \/>\n&#8211; 52 places on the place Honor\u00e9 de Balzac.<br \/>\n&#8211; About 300 places throughout the downtown, on the main streets so as rue de la Friperie, rue de la Cordonnerie, etc.[\/vc_column_text][\/vc_column_inner][vc_column_inner width=&#8221;1\/3&#8243;][vc_single_image image=&#8221;16937&#8243; img_size=&#8221;full&#8221; alignment=&#8221;center&#8221;][vc_empty_space height=&#8221;25&#8243;][vc_single_image image=&#8221;16938&#8243; img_size=&#8221;full&#8221; alignment=&#8221;center&#8221;][\/vc_column_inner][\/vc_row_inner][vc_row_inner][vc_column_inner][vc_empty_space height=&#8221;25&#8243;][vc_gmaps link=&#8221;#E-8_JTNDaWZyYW1lJTIwc3JjJTNEJTIyaHR0cHMlM0ElMkYlMkZ3d3cuZ29vZ2xlLmNvbSUyRm1hcHMlMkZlbWJlZCUzRnBiJTNEJTIxMW0xOCUyMTFtMTIlMjExbTMlMjExZDI2NDAuNTU1ODI3MjY3MTI4NyUyMTJkMy4yNzg5NjgzNTA3ODMxNzUzJTIxM2Q0OC41NjA5MDIyMjk0NTk2NiUyMTJtMyUyMTFmMCUyMTJmMCUyMTNmMCUyMTNtMiUyMTFpMTAyNCUyMTJpNzY4JTIxNGYxMy4xJTIxM20zJTIxMW0yJTIxMXMweDQ3ZWYzMTA1ZGEyMWI0NDMlMjUzQTB4ZTZhYTg4NWViNmM1YWI3JTIxMnNUb3VyaXN0JTI1MjBPZmZpY2UlMjUyMG9mJTI1MjBQcm92aW5zJTIxNWUwJTIxM20yJTIxMXNlbiUyMTJzZnIlMjE0djE1OTY1NTk5MzM5MDIlMjE1bTIlMjExc2VuJTIxMnNmciUyMiUyMHdpZHRoJTNEJTIyNjAwJTIyJTIwaGVpZ2h0JTNEJTIyNDUwJTIyJTIwZnJhbWVib3JkZXIlM0QlMjIwJTIyJTIwc3R5bGUlM0QlMjJib3JkZXIlM0EwJTNCJTIyJTIwYWxsb3dmdWxsc2NyZWVuJTNEJTIyJTIyJTIwYXJpYS1oaWRkZW4lM0QlMjJmYWxzZSUyMiUyMHRhYmluZGV4JTNEJTIyMCUyMiUzRSUzQyUyRmlmcmFtZSUzRQ==&#8221;][\/vc_column_inner][\/vc_row_inner][\/vc_column][\/vc_row]<\/p>\n<\/div>","protected":false},"excerpt":{"rendered":"<p>[vc_row][vc_column][vc_column_text el_class=&#8221;accroche&#8221;] Where to park in the medieval town of Provins? [\/vc_column_text][\/vc_column][\/vc_row][vc_row][vc_column][vc_single_image image=&#8221;17305&#8243; img_size=&#8221;medium&#8221; alignment=&#8221;center&#8221;][vc_empty_space height=&#8221;25&#8243;][vc_row_inner][vc_column_inner][vc_custom_heading text=&#8221;Notice to Visitors&#8221; font_container=&#8221;tag:h3|text_align:left&#8221; google_fonts=&#8221;font_family:Oswald%3A300%2Cregular%2C700|font_style:400%20regular%3A400%3Anormal&#8221; el_class=&#8221;souligne&#8221;][vc_empty_space height=&#8221;25&#8243;][vc_column_text]\u2022 During The Medieval Festival of Provins (14 &amp; 15 June 2025 &#8211; subject to change): The parking near the Tourist Office is exceptionally closed for the festival. A free parking for campers &hellip; <\/p>\n<p class=\"link-more\"><a href=\"https:\/\/provins.net\/en\/prepare-your-trip\/to-contact-and-to-reach-us\/coming-to-provins-by-car-or-motorbike\/\" class=\"more-link\">Continue reading<span class=\"screen-reader-text\"> &#8220;Coming to Provins by car or motorbike&#8221;<\/span><\/a><\/p>\n","protected":false},"author":3,"featured_media":0,"parent":17313,"menu_order":0,"comment_status":"closed","ping_status":"closed","template":"","meta":{"_acf_changed":false,"footnotes":""},"class_list":["post-16792","page","type-page","status-publish","hentry"],"acf":[],"yoast_head":"<!-- This site is optimized with the Yoast SEO plugin v27.4 - https:\/\/yoast.com\/product\/yoast-seo-wordpress\/ -->\n<title>Coming to Provins by car or motorbike - Provins Tourisme, entre Bass\u00e9e, Montois et Provinois<\/title>\n<meta name=\"robots\" content=\"index, follow, max-snippet:-1, max-image-preview:large, max-video-preview:-1\" \/>\n<link rel=\"canonical\" href=\"https:\/\/provins.net\/en\/prepare-your-trip\/to-contact-and-to-reach-us\/coming-to-provins-by-car-or-motorbike\/\" \/>\n<meta property=\"og:locale\" content=\"en_US\" \/>\n<meta property=\"og:type\" content=\"article\" \/>\n<meta property=\"og:title\" content=\"Coming to Provins by car or motorbike - Provins Tourisme, entre Bass\u00e9e, Montois et Provinois\" \/>\n<meta property=\"og:description\" content=\"[vc_row][vc_column][vc_column_text el_class=&#8221;accroche&#8221;] Where to park in the medieval town of Provins? [\/vc_column_text][\/vc_column][\/vc_row][vc_row][vc_column][vc_single_image image=&#8221;17305&#8243; img_size=&#8221;medium&#8221; alignment=&#8221;center&#8221;][vc_empty_space height=&#8221;25&#8243;][vc_row_inner][vc_column_inner][vc_custom_heading text=&#8221;Notice to Visitors&#8221; font_container=&#8221;tag:h3|text_align:left&#8221; google_fonts=&#8221;font_family:Oswald%3A300%2Cregular%2C700|font_style:400%20regular%3A400%3Anormal&#8221; el_class=&#8221;souligne&#8221;][vc_empty_space height=&#8221;25&#8243;][vc_column_text]\u2022 During The Medieval Festival of Provins (14 &amp; 15 June 2025 &#8211; subject to change): The parking near the Tourist Office is exceptionally closed for the festival. A free parking for campers &hellip; Continue reading &quot;Coming to Provins by car or motorbike&quot;\" \/>\n<meta property=\"og:url\" content=\"https:\/\/provins.net\/en\/prepare-your-trip\/to-contact-and-to-reach-us\/coming-to-provins-by-car-or-motorbike\/\" \/>\n<meta property=\"og:site_name\" content=\"Provins Tourisme, entre Bass\u00e9e, Montois et Provinois\" \/>\n<meta property=\"article:publisher\" content=\"https:\/\/www.facebook.com\/Cite.Medievale.de.Provins\" \/>\n<meta property=\"article:modified_time\" content=\"2025-03-06T10:55:57+00:00\" \/>\n<meta name=\"twitter:card\" content=\"summary_large_image\" \/>\n<meta name=\"twitter:site\" content=\"@provinsmedieval\" \/>\n<meta name=\"twitter:label1\" content=\"Est. reading time\" \/>\n\t<meta name=\"twitter:data1\" content=\"4 minutes\" \/>\n<script type=\"application\/ld+json\" class=\"yoast-schema-graph\">{\"@context\":\"https:\\\/\\\/schema.org\",\"@graph\":[{\"@type\":\"WebPage\",\"@id\":\"https:\\\/\\\/provins.net\\\/en\\\/prepare-your-trip\\\/to-contact-and-to-reach-us\\\/coming-to-provins-by-car-or-motorbike\\\/\",\"url\":\"https:\\\/\\\/provins.net\\\/en\\\/prepare-your-trip\\\/to-contact-and-to-reach-us\\\/coming-to-provins-by-car-or-motorbike\\\/\",\"name\":\"Coming to Provins by car or motorbike - Provins Tourisme, entre Bass\u00e9e, Montois et Provinois\",\"isPartOf\":{\"@id\":\"https:\\\/\\\/provins.net\\\/#website\"},\"datePublished\":\"2020-07-22T10:16:35+00:00\",\"dateModified\":\"2025-03-06T10:55:57+00:00\",\"breadcrumb\":{\"@id\":\"https:\\\/\\\/provins.net\\\/en\\\/prepare-your-trip\\\/to-contact-and-to-reach-us\\\/coming-to-provins-by-car-or-motorbike\\\/#breadcrumb\"},\"inLanguage\":\"en-US\",\"potentialAction\":[{\"@type\":\"ReadAction\",\"target\":[\"https:\\\/\\\/provins.net\\\/en\\\/prepare-your-trip\\\/to-contact-and-to-reach-us\\\/coming-to-provins-by-car-or-motorbike\\\/\"]}]},{\"@type\":\"BreadcrumbList\",\"@id\":\"https:\\\/\\\/provins.net\\\/en\\\/prepare-your-trip\\\/to-contact-and-to-reach-us\\\/coming-to-provins-by-car-or-motorbike\\\/#breadcrumb\",\"itemListElement\":[{\"@type\":\"ListItem\",\"position\":1,\"name\":\"Accueil\",\"item\":\"https:\\\/\\\/provins.net\\\/en\\\/\"},{\"@type\":\"ListItem\",\"position\":2,\"name\":\"Prepare your trip\",\"item\":\"https:\\\/\\\/provins.net\\\/en\\\/prepare-your-trip\\\/\"},{\"@type\":\"ListItem\",\"position\":3,\"name\":\"To contact and to reach us\",\"item\":\"https:\\\/\\\/provins.net\\\/en\\\/prepare-your-trip\\\/to-contact-and-to-reach-us\\\/\"},{\"@type\":\"ListItem\",\"position\":4,\"name\":\"Coming to Provins by car or motorbike\"}]},{\"@type\":\"WebSite\",\"@id\":\"https:\\\/\\\/provins.net\\\/#website\",\"url\":\"https:\\\/\\\/provins.net\\\/\",\"name\":\"Provins Tourisme, entre Bass\u00e9e, Montois et Morin\",\"description\":\"L&#039;Histoire se joue devant vous !\",\"publisher\":{\"@id\":\"https:\\\/\\\/provins.net\\\/#organization\"},\"potentialAction\":[{\"@type\":\"SearchAction\",\"target\":{\"@type\":\"EntryPoint\",\"urlTemplate\":\"https:\\\/\\\/provins.net\\\/?s={search_term_string}\"},\"query-input\":{\"@type\":\"PropertyValueSpecification\",\"valueRequired\":true,\"valueName\":\"search_term_string\"}}],\"inLanguage\":\"en-US\"},{\"@type\":\"Organization\",\"@id\":\"https:\\\/\\\/provins.net\\\/#organization\",\"name\":\"Office de Tourisme Provins\",\"url\":\"https:\\\/\\\/provins.net\\\/\",\"logo\":{\"@type\":\"ImageObject\",\"inLanguage\":\"en-US\",\"@id\":\"https:\\\/\\\/provins.net\\\/#\\\/schema\\\/logo\\\/image\\\/\",\"url\":\"https:\\\/\\\/provins.net\\\/wp-content\\\/uploads\\\/2018\\\/06\\\/logo-provins.jpg\",\"contentUrl\":\"https:\\\/\\\/provins.net\\\/wp-content\\\/uploads\\\/2018\\\/06\\\/logo-provins.jpg\",\"width\":140,\"height\":76,\"caption\":\"Office de Tourisme Provins\"},\"image\":{\"@id\":\"https:\\\/\\\/provins.net\\\/#\\\/schema\\\/logo\\\/image\\\/\"},\"sameAs\":[\"https:\\\/\\\/www.facebook.com\\\/Cite.Medievale.de.Provins\",\"https:\\\/\\\/x.com\\\/provinsmedieval\",\"https:\\\/\\\/www.instagram.com\\\/explore\\\/locations\\\/2329200\\\/cite-medievale-de-provins\\\/\",\"https:\\\/\\\/www.youtube.com\\\/channel\\\/UC1MU4-cvqf20wYSUteN2DKQ\"]}]}<\/script>\n<!-- \/ Yoast SEO plugin. -->","yoast_head_json":{"title":"Coming to Provins by car or motorbike - Provins Tourisme, entre Bass\u00e9e, Montois et Provinois","robots":{"index":"index","follow":"follow","max-snippet":"max-snippet:-1","max-image-preview":"max-image-preview:large","max-video-preview":"max-video-preview:-1"},"canonical":"https:\/\/provins.net\/en\/prepare-your-trip\/to-contact-and-to-reach-us\/coming-to-provins-by-car-or-motorbike\/","og_locale":"en_US","og_type":"article","og_title":"Coming to Provins by car or motorbike - Provins Tourisme, entre Bass\u00e9e, Montois et Provinois","og_description":"[vc_row][vc_column][vc_column_text el_class=&#8221;accroche&#8221;] Where to park in the medieval town of Provins? [\/vc_column_text][\/vc_column][\/vc_row][vc_row][vc_column][vc_single_image image=&#8221;17305&#8243; img_size=&#8221;medium&#8221; alignment=&#8221;center&#8221;][vc_empty_space height=&#8221;25&#8243;][vc_row_inner][vc_column_inner][vc_custom_heading text=&#8221;Notice to Visitors&#8221; font_container=&#8221;tag:h3|text_align:left&#8221; google_fonts=&#8221;font_family:Oswald%3A300%2Cregular%2C700|font_style:400%20regular%3A400%3Anormal&#8221; el_class=&#8221;souligne&#8221;][vc_empty_space height=&#8221;25&#8243;][vc_column_text]\u2022 During The Medieval Festival of Provins (14 &amp; 15 June 2025 &#8211; subject to change): The parking near the Tourist Office is exceptionally closed for the festival. A free parking for campers &hellip; Continue reading \"Coming to Provins by car or motorbike\"","og_url":"https:\/\/provins.net\/en\/prepare-your-trip\/to-contact-and-to-reach-us\/coming-to-provins-by-car-or-motorbike\/","og_site_name":"Provins Tourisme, entre Bass\u00e9e, Montois et Provinois","article_publisher":"https:\/\/www.facebook.com\/Cite.Medievale.de.Provins","article_modified_time":"2025-03-06T10:55:57+00:00","twitter_card":"summary_large_image","twitter_site":"@provinsmedieval","twitter_misc":{"Est. reading time":"4 minutes"},"schema":{"@context":"https:\/\/schema.org","@graph":[{"@type":"WebPage","@id":"https:\/\/provins.net\/en\/prepare-your-trip\/to-contact-and-to-reach-us\/coming-to-provins-by-car-or-motorbike\/","url":"https:\/\/provins.net\/en\/prepare-your-trip\/to-contact-and-to-reach-us\/coming-to-provins-by-car-or-motorbike\/","name":"Coming to Provins by car or motorbike - Provins Tourisme, entre Bass\u00e9e, Montois et Provinois","isPartOf":{"@id":"https:\/\/provins.net\/#website"},"datePublished":"2020-07-22T10:16:35+00:00","dateModified":"2025-03-06T10:55:57+00:00","breadcrumb":{"@id":"https:\/\/provins.net\/en\/prepare-your-trip\/to-contact-and-to-reach-us\/coming-to-provins-by-car-or-motorbike\/#breadcrumb"},"inLanguage":"en-US","potentialAction":[{"@type":"ReadAction","target":["https:\/\/provins.net\/en\/prepare-your-trip\/to-contact-and-to-reach-us\/coming-to-provins-by-car-or-motorbike\/"]}]},{"@type":"BreadcrumbList","@id":"https:\/\/provins.net\/en\/prepare-your-trip\/to-contact-and-to-reach-us\/coming-to-provins-by-car-or-motorbike\/#breadcrumb","itemListElement":[{"@type":"ListItem","position":1,"name":"Accueil","item":"https:\/\/provins.net\/en\/"},{"@type":"ListItem","position":2,"name":"Prepare your trip","item":"https:\/\/provins.net\/en\/prepare-your-trip\/"},{"@type":"ListItem","position":3,"name":"To contact and to reach us","item":"https:\/\/provins.net\/en\/prepare-your-trip\/to-contact-and-to-reach-us\/"},{"@type":"ListItem","position":4,"name":"Coming to Provins by car or motorbike"}]},{"@type":"WebSite","@id":"https:\/\/provins.net\/#website","url":"https:\/\/provins.net\/","name":"Provins Tourisme, entre Bass\u00e9e, Montois et Morin","description":"L&#039;Histoire se joue devant vous !","publisher":{"@id":"https:\/\/provins.net\/#organization"},"potentialAction":[{"@type":"SearchAction","target":{"@type":"EntryPoint","urlTemplate":"https:\/\/provins.net\/?s={search_term_string}"},"query-input":{"@type":"PropertyValueSpecification","valueRequired":true,"valueName":"search_term_string"}}],"inLanguage":"en-US"},{"@type":"Organization","@id":"https:\/\/provins.net\/#organization","name":"Office de Tourisme Provins","url":"https:\/\/provins.net\/","logo":{"@type":"ImageObject","inLanguage":"en-US","@id":"https:\/\/provins.net\/#\/schema\/logo\/image\/","url":"https:\/\/provins.net\/wp-content\/uploads\/2018\/06\/logo-provins.jpg","contentUrl":"https:\/\/provins.net\/wp-content\/uploads\/2018\/06\/logo-provins.jpg","width":140,"height":76,"caption":"Office de Tourisme Provins"},"image":{"@id":"https:\/\/provins.net\/#\/schema\/logo\/image\/"},"sameAs":["https:\/\/www.facebook.com\/Cite.Medievale.de.Provins","https:\/\/x.com\/provinsmedieval","https:\/\/www.instagram.com\/explore\/locations\/2329200\/cite-medievale-de-provins\/","https:\/\/www.youtube.com\/channel\/UC1MU4-cvqf20wYSUteN2DKQ"]}]}},"_links":{"self":[{"href":"https:\/\/provins.net\/en\/wp-json\/wp\/v2\/pages\/16792","targetHints":{"allow":["GET"]}}],"collection":[{"href":"https:\/\/provins.net\/en\/wp-json\/wp\/v2\/pages"}],"about":[{"href":"https:\/\/provins.net\/en\/wp-json\/wp\/v2\/types\/page"}],"author":[{"embeddable":true,"href":"https:\/\/provins.net\/en\/wp-json\/wp\/v2\/users\/3"}],"replies":[{"embeddable":true,"href":"https:\/\/provins.net\/en\/wp-json\/wp\/v2\/comments?post=16792"}],"version-history":[{"count":4,"href":"https:\/\/provins.net\/en\/wp-json\/wp\/v2\/pages\/16792\/revisions"}],"predecessor-version":[{"id":44135,"href":"https:\/\/provins.net\/en\/wp-json\/wp\/v2\/pages\/16792\/revisions\/44135"}],"up":[{"embeddable":true,"href":"https:\/\/provins.net\/en\/wp-json\/wp\/v2\/pages\/17313"}],"wp:attachment":[{"href":"https:\/\/provins.net\/en\/wp-json\/wp\/v2\/media?parent=16792"}],"curies":[{"name":"wp","href":"https:\/\/api.w.org\/{rel}","templated":true}]}}