{"id":17868,"date":"2020-08-06T19:01:32","date_gmt":"2020-08-06T17:01:32","guid":{"rendered":"https:\/\/www.provins.net\/?page_id=17868"},"modified":"2025-05-19T17:56:37","modified_gmt":"2025-05-19T15:56:37","slug":"legal-notice","status":"publish","type":"page","link":"https:\/\/provins.net\/en\/legal-notice\/","title":{"rendered":"Legal information"},"content":{"rendered":"<div class=\"wpb-content-wrapper\"><p>[vc_row][vc_column][vc_column_text]Effective 29 July 2020<\/p>\n<p>This site is the property of: Office de Tourisme Intercommunautaire<strong> Provins Tourisme, <em>entre Bass\u00e9e, Montois et Provinois <\/em><\/strong><br \/>\nAdresse : BP 44 \u2013 77482 Provins cedex &#8211; France<br \/>\nemail: <span style=\"text-decoration: underline;\"><strong><a href=\"mailto:info@provins.net\">info@provins.net<\/a><\/strong><\/span><br \/>\nPhone number: 00 33 1 64 60 26 26<br \/>\nDirector of publication: Laurence MARCHAL<br \/>\nFrench Law of 1901 concerning associations<\/p>\n<p>Connection and browsing on the site <span style=\"text-decoration: underline;\"><strong><a href=\"https:\/\/www.provins.net\">https:\/\/provins.net<\/a><\/strong><\/span> by the User implies full and unreserved acceptance of these legal notices.<\/p>\n<p>The information published is indicative. <strong>Provins Tourisme, <em>entre Bass\u00e9e, Montois et Provinois <\/em><\/strong>, uses all the means at its disposal to ensure reliable and up-to-date information on its website.<br \/>\nErrors or omissions that may be found, it is reminded that the online digital version of a piece of information is not the reference element, only the digital or paper version registered in the <strong>Provins Tourisme, <em>entre Bass\u00e9e, Montois et Provinois <\/em><\/strong>information system, and not accessible online is authentic.<br \/>\nThis legal reservation clause is not intended to limit the publisher&#8217;s liability in a manner contrary to the applicable national law, nor to exclude it in cases where it may be incurred under that law.<br \/>\nThe Internet user must ensure the accuracy of the information and report any corrections he or she considers useful. The publisher is in no way responsible for the use and interpretation of the content of the site, and for any direct or indirect prejudice that may result.<\/p>\n<p><strong>ARTICLE 1 : Service designer<\/strong><br \/>\nThe site <span style=\"text-decoration: underline;\"><strong><a href=\"https:\/\/www.provins.net\">https:\/\/provins.net<\/a><\/strong><\/span> is a creation of <strong>Soci\u00e9t\u00e9 Yata<\/strong> !<br \/>\n11 Place de l\u2019H\u00f4tel de Ville &#8211; 39000 Lons le Saunier- France.<br \/>\nSIRET : 50835389300037<br \/>\nPhone number: 00 33 3 63 67 21 11<br \/>\nEmail: <span style=\"text-decoration: underline;\"><strong><a href=\"mailto:support@yata.fr\">support@yata.fr<\/a><\/strong><\/span><\/p>\n<p><strong>ARTICLE 2 : Web hosting<br \/>\n<\/strong>The site <span style=\"text-decoration: underline;\"><strong><a href=\"https:\/\/www.provins.net\">https:\/\/provins.net<\/a><\/strong><\/span> is hosted by Soci\u00e9t\u00e9 <strong>OVH<\/strong> &#8211; 2 rue Kellermann &#8211; 59100 Roubaix 1007 &#8211; France &#8211; <span style=\"text-decoration: underline;\"><strong><a href=\"https:\/\/www.ovhcloud.com\/fr\/\">https:\/\/www.ovhcloud.com<\/a><\/strong><\/span><\/p>\n<p><strong>ARTICLE 3 : Access<\/strong><br \/>\nThe site is accessible from anywhere, 7 days a week, 24 hours a day, except in cases of force majeure, scheduled or unscheduled interruptions that may result from a need for maintenance.<br \/>\nIn case of interruption or suspension of services the site <span style=\"text-decoration: underline;\"><strong><a href=\"https:\/\/www.provins.net\">https:\/\/provins.net<\/a><\/strong><\/span> can not be considered as responsible.<\/p>\n<p><strong>ARTICLE 4 : Links to external sites<\/strong><br \/>\n<strong>Provins Tourisme, <em>entre Bass\u00e9e, Montois et Provinois <\/em><\/strong>is not responsible for the contents of third party sites to which links are established from its site.<\/p>\n<p><strong>ARTICLE 5 : Personal Data 2016-679 (GDPR)<\/strong><br \/>\n<strong>Provins Tourisme, <em>entre Bass\u00e9e, Montois et Provinois <\/em><\/strong>in its responsibility for data processing, collects your data to manage your orders and to send you its promotional offers based on your given consent or our contractual relationship.<br \/>\nThe data collected is processed within the European Union according to the article\u00a0 2016\/679 of 27 April 2016, supplemented by the French Data Protection Act, (rewritten by order of 12 December 2018) ) is effective from 1 June 2019 (decree 2019-536).<br \/>\n<strong>Provins Tourisme, <em>entre Bass\u00e9e, Montois et Provinois <\/em><\/strong>\u00a0is responsible for the processing carried out, with the exception of those for which a link to a third party service is simply proposed.<br \/>\nWithin the European Union, you can exercise your right to the portability of your data as well as your right to limit the processing of your data. Currently, you can withdraw your consent, at any time, to the processing of your data, and you can exercise your right of access, rectification, opposition, and erasure of your personal data (conditionally).<br \/>\n<strong>Provins Tourisme, <em>entre Bass\u00e9e, Montois et Provinois <\/em><\/strong>has appointed a data protection officer who is the official interlocutor for all matters relating to the exercise of the rights of data subjects in connection with a processing operation carried out.<\/p>\n<p><strong>ARTICLE 6 : Cookies<br \/>\n<\/strong>In order to enhance the functionality of our Website and provide a more enjoyable user experience, we use cookies. Cookies are small text files that enable us to compare new visitors with old ones, understand how users navigate our website, and obtain data from which to improve the web browsing experience in the future. They also enable us to manage your order basket and collect information for statistical purposes relating to how you navigate our website.<br \/>\nThe cookies do not keep any record of personal information about a user and personally identifiable information will never be saved. If you do not wish to use cookies, you must reconfigure the settings of your computer in order to delete all Website cookies and\/or receive notification if cookies are stored.<br \/>\nIf you do not wish to change your cookie settings, simply continue visiting our website.<br \/>\nBy using our website, you accept to receive these types of cookies on your device.<br \/>\nTo find out more about cookies and the effect they have on you and your browsing experience, visit the website <span style=\"text-decoration: underline;\"><strong><a title=\"www.aboutcookies.org\" href=\"http:\/\/www.aboutcookies.org\/\" target=\"_self\" rel=\"noopener noreferrer\">www.aboutcookies.org<\/a><\/strong><\/span><\/p>\n<p><strong>ARTICLE 7 : Intellectual Property<\/strong><br \/>\nImages, cards, texts, data base extractions, elements of graphic design and in general terms any material published are the intellectual property of <strong>Provins Tourisme, <em>entre Bass\u00e9e, Montois et Provinois .<br \/>\n<\/em><\/strong>The reproduction, use, and exploitation from the site <span style=\"text-decoration: underline;\"><strong><a href=\"https:\/\/www.provins.net\">https:\/\/provins.net<\/a><\/strong><\/span> are prohibited without the prior agreement of their authors. Non-compliance with this condition shall constitute an infringement which may incur the civil and criminal liability of the infringer.<\/p>\n<p><strong>ARTICLE 8 : Copyrights<\/strong><br \/>\n<strong>Provins Tourisme, <em>entre Bass\u00e9e, Montois et Provinois <\/em><\/strong><br \/>\nAll photographs on this site are protected by the French Intellectual and Artistic Property Code.<br \/>\nSome of them, except those belonging to <strong>Provins Tourisme, <em>entre Bass\u00e9e, Montois et Provinois and its partners<\/em><\/strong> have been uploaded freely on specialized site\u00a0<a href=\"https:\/\/pixabay.com\/\" target=\"_blank\" rel=\"noopener\"><span style=\"text-decoration: underline;\"><strong>pixabay<\/strong><\/span><\/a><br \/>\nOther copyrights and thanks to: J.F. B\u00e9nard, Vol Libre Production, Equestrio, CLVH, MJC Provins, Mairie de Provins, CRT \u00cele-de-France, Cr\u00e9aclic, M. Guillier, AGRENABA, A. Souchet, L. Guanaes, F. Tribouilloy, Laurac D, Head Cycles, C. Garrabet, All Around Together (Camille &amp; Guillaume), G. Fay, Junsu Photo, J.P. Chasseau, C. Hautecoeur, S. Danis, D. Blondin, Stephen Hansen, CascadEvent, Alexis Goure, J&#8217;M C Photos, Waitandshoot, Lou&#8217;Art Photos, Djamel El Mountassir, A. B\u00e8s, Fred Fourcroy photographies, Fr\u00e9d\u00e9ric Lopez, Cyrille Beudot, etc.[\/vc_column_text][\/vc_column][\/vc_row]<\/p>\n<\/div>","protected":false},"excerpt":{"rendered":"<p>[vc_row][vc_column][vc_column_text]Effective 29 July 2020 This site is the property of: Office de Tourisme Intercommunautaire Provins Tourisme, entre Bass\u00e9e, Montois et Provinois Adresse : BP 44 \u2013 77482 Provins cedex &#8211; France email: info@provins.net Phone number: 00 33 1 64 60 26 26 Director of publication: Laurence MARCHAL French Law of 1901 concerning associations Connection and &hellip; <\/p>\n<p class=\"link-more\"><a href=\"https:\/\/provins.net\/en\/legal-notice\/\" class=\"more-link\">Continue reading<span class=\"screen-reader-text\"> &#8220;Legal information&#8221;<\/span><\/a><\/p>\n","protected":false},"author":3,"featured_media":0,"parent":0,"menu_order":0,"comment_status":"closed","ping_status":"closed","template":"","meta":{"_acf_changed":false,"footnotes":""},"class_list":["post-17868","page","type-page","status-publish","hentry"],"acf":[],"yoast_head":"<!-- This site is optimized with the Yoast SEO plugin v27.2 - https:\/\/yoast.com\/product\/yoast-seo-wordpress\/ -->\n<title>Legal information - Provins Tourisme, entre Bass\u00e9e, Montois et Provinois<\/title>\n<meta name=\"robots\" content=\"index, follow, max-snippet:-1, max-image-preview:large, max-video-preview:-1\" \/>\n<link rel=\"canonical\" href=\"https:\/\/provins.net\/en\/legal-notice\/\" \/>\n<meta property=\"og:locale\" content=\"en_US\" \/>\n<meta property=\"og:type\" content=\"article\" \/>\n<meta property=\"og:title\" content=\"Legal information - Provins Tourisme, entre Bass\u00e9e, Montois et Provinois\" \/>\n<meta property=\"og:description\" content=\"[vc_row][vc_column][vc_column_text]Effective 29 July 2020 This site is the property of: Office de Tourisme Intercommunautaire Provins Tourisme, entre Bass\u00e9e, Montois et Provinois Adresse : BP 44 \u2013 77482 Provins cedex &#8211; France email: info@provins.net Phone number: 00 33 1 64 60 26 26 Director of publication: Laurence MARCHAL French Law of 1901 concerning associations Connection and &hellip; Continue reading &quot;Legal information&quot;\" \/>\n<meta property=\"og:url\" content=\"https:\/\/provins.net\/en\/legal-notice\/\" \/>\n<meta property=\"og:site_name\" content=\"Provins Tourisme, entre Bass\u00e9e, Montois et Provinois\" \/>\n<meta property=\"article:publisher\" content=\"https:\/\/www.facebook.com\/Cite.Medievale.de.Provins\" \/>\n<meta property=\"article:modified_time\" content=\"2025-05-19T15:56:37+00:00\" \/>\n<meta name=\"twitter:card\" content=\"summary_large_image\" \/>\n<meta name=\"twitter:site\" content=\"@provinsmedieval\" \/>\n<meta name=\"twitter:label1\" content=\"Est. reading time\" \/>\n\t<meta name=\"twitter:data1\" content=\"5 minutes\" \/>\n<script type=\"application\/ld+json\" class=\"yoast-schema-graph\">{\"@context\":\"https:\/\/schema.org\",\"@graph\":[{\"@type\":\"WebPage\",\"@id\":\"https:\/\/provins.net\/en\/legal-notice\/\",\"url\":\"https:\/\/provins.net\/en\/legal-notice\/\",\"name\":\"Legal information - Provins Tourisme, entre Bass\u00e9e, Montois et Provinois\",\"isPartOf\":{\"@id\":\"https:\/\/provins.net\/#website\"},\"datePublished\":\"2020-08-06T17:01:32+00:00\",\"dateModified\":\"2025-05-19T15:56:37+00:00\",\"breadcrumb\":{\"@id\":\"https:\/\/provins.net\/en\/legal-notice\/#breadcrumb\"},\"inLanguage\":\"en-US\",\"potentialAction\":[{\"@type\":\"ReadAction\",\"target\":[\"https:\/\/provins.net\/en\/legal-notice\/\"]}]},{\"@type\":\"BreadcrumbList\",\"@id\":\"https:\/\/provins.net\/en\/legal-notice\/#breadcrumb\",\"itemListElement\":[{\"@type\":\"ListItem\",\"position\":1,\"name\":\"Accueil\",\"item\":\"https:\/\/provins.net\/en\/\"},{\"@type\":\"ListItem\",\"position\":2,\"name\":\"Legal information\"}]},{\"@type\":\"WebSite\",\"@id\":\"https:\/\/provins.net\/#website\",\"url\":\"https:\/\/provins.net\/\",\"name\":\"Provins Tourisme, entre Bass\u00e9e, Montois et Morin\",\"description\":\"L&#039;Histoire se joue devant vous !\",\"publisher\":{\"@id\":\"https:\/\/provins.net\/#organization\"},\"potentialAction\":[{\"@type\":\"SearchAction\",\"target\":{\"@type\":\"EntryPoint\",\"urlTemplate\":\"https:\/\/provins.net\/?s={search_term_string}\"},\"query-input\":{\"@type\":\"PropertyValueSpecification\",\"valueRequired\":true,\"valueName\":\"search_term_string\"}}],\"inLanguage\":\"en-US\"},{\"@type\":\"Organization\",\"@id\":\"https:\/\/provins.net\/#organization\",\"name\":\"Office de Tourisme Provins\",\"url\":\"https:\/\/provins.net\/\",\"logo\":{\"@type\":\"ImageObject\",\"inLanguage\":\"en-US\",\"@id\":\"https:\/\/provins.net\/#\/schema\/logo\/image\/\",\"url\":\"https:\/\/provins.net\/wp-content\/uploads\/2018\/06\/logo-provins.jpg\",\"contentUrl\":\"https:\/\/provins.net\/wp-content\/uploads\/2018\/06\/logo-provins.jpg\",\"width\":140,\"height\":76,\"caption\":\"Office de Tourisme Provins\"},\"image\":{\"@id\":\"https:\/\/provins.net\/#\/schema\/logo\/image\/\"},\"sameAs\":[\"https:\/\/www.facebook.com\/Cite.Medievale.de.Provins\",\"https:\/\/x.com\/provinsmedieval\",\"https:\/\/www.instagram.com\/explore\/locations\/2329200\/cite-medievale-de-provins\/\",\"https:\/\/www.youtube.com\/channel\/UC1MU4-cvqf20wYSUteN2DKQ\"]}]}<\/script>\n<!-- \/ Yoast SEO plugin. -->","yoast_head_json":{"title":"Legal information - Provins Tourisme, entre Bass\u00e9e, Montois et Provinois","robots":{"index":"index","follow":"follow","max-snippet":"max-snippet:-1","max-image-preview":"max-image-preview:large","max-video-preview":"max-video-preview:-1"},"canonical":"https:\/\/provins.net\/en\/legal-notice\/","og_locale":"en_US","og_type":"article","og_title":"Legal information - Provins Tourisme, entre Bass\u00e9e, Montois et Provinois","og_description":"[vc_row][vc_column][vc_column_text]Effective 29 July 2020 This site is the property of: Office de Tourisme Intercommunautaire Provins Tourisme, entre Bass\u00e9e, Montois et Provinois Adresse : BP 44 \u2013 77482 Provins cedex &#8211; France email: info@provins.net Phone number: 00 33 1 64 60 26 26 Director of publication: Laurence MARCHAL French Law of 1901 concerning associations Connection and &hellip; Continue reading \"Legal information\"","og_url":"https:\/\/provins.net\/en\/legal-notice\/","og_site_name":"Provins Tourisme, entre Bass\u00e9e, Montois et Provinois","article_publisher":"https:\/\/www.facebook.com\/Cite.Medievale.de.Provins","article_modified_time":"2025-05-19T15:56:37+00:00","twitter_card":"summary_large_image","twitter_site":"@provinsmedieval","twitter_misc":{"Est. reading time":"5 minutes"},"schema":{"@context":"https:\/\/schema.org","@graph":[{"@type":"WebPage","@id":"https:\/\/provins.net\/en\/legal-notice\/","url":"https:\/\/provins.net\/en\/legal-notice\/","name":"Legal information - Provins Tourisme, entre Bass\u00e9e, Montois et Provinois","isPartOf":{"@id":"https:\/\/provins.net\/#website"},"datePublished":"2020-08-06T17:01:32+00:00","dateModified":"2025-05-19T15:56:37+00:00","breadcrumb":{"@id":"https:\/\/provins.net\/en\/legal-notice\/#breadcrumb"},"inLanguage":"en-US","potentialAction":[{"@type":"ReadAction","target":["https:\/\/provins.net\/en\/legal-notice\/"]}]},{"@type":"BreadcrumbList","@id":"https:\/\/provins.net\/en\/legal-notice\/#breadcrumb","itemListElement":[{"@type":"ListItem","position":1,"name":"Accueil","item":"https:\/\/provins.net\/en\/"},{"@type":"ListItem","position":2,"name":"Legal information"}]},{"@type":"WebSite","@id":"https:\/\/provins.net\/#website","url":"https:\/\/provins.net\/","name":"Provins Tourisme, entre Bass\u00e9e, Montois et Morin","description":"L&#039;Histoire se joue devant vous !","publisher":{"@id":"https:\/\/provins.net\/#organization"},"potentialAction":[{"@type":"SearchAction","target":{"@type":"EntryPoint","urlTemplate":"https:\/\/provins.net\/?s={search_term_string}"},"query-input":{"@type":"PropertyValueSpecification","valueRequired":true,"valueName":"search_term_string"}}],"inLanguage":"en-US"},{"@type":"Organization","@id":"https:\/\/provins.net\/#organization","name":"Office de Tourisme Provins","url":"https:\/\/provins.net\/","logo":{"@type":"ImageObject","inLanguage":"en-US","@id":"https:\/\/provins.net\/#\/schema\/logo\/image\/","url":"https:\/\/provins.net\/wp-content\/uploads\/2018\/06\/logo-provins.jpg","contentUrl":"https:\/\/provins.net\/wp-content\/uploads\/2018\/06\/logo-provins.jpg","width":140,"height":76,"caption":"Office de Tourisme Provins"},"image":{"@id":"https:\/\/provins.net\/#\/schema\/logo\/image\/"},"sameAs":["https:\/\/www.facebook.com\/Cite.Medievale.de.Provins","https:\/\/x.com\/provinsmedieval","https:\/\/www.instagram.com\/explore\/locations\/2329200\/cite-medievale-de-provins\/","https:\/\/www.youtube.com\/channel\/UC1MU4-cvqf20wYSUteN2DKQ"]}]}},"_links":{"self":[{"href":"https:\/\/provins.net\/en\/wp-json\/wp\/v2\/pages\/17868","targetHints":{"allow":["GET"]}}],"collection":[{"href":"https:\/\/provins.net\/en\/wp-json\/wp\/v2\/pages"}],"about":[{"href":"https:\/\/provins.net\/en\/wp-json\/wp\/v2\/types\/page"}],"author":[{"embeddable":true,"href":"https:\/\/provins.net\/en\/wp-json\/wp\/v2\/users\/3"}],"replies":[{"embeddable":true,"href":"https:\/\/provins.net\/en\/wp-json\/wp\/v2\/comments?post=17868"}],"version-history":[{"count":4,"href":"https:\/\/provins.net\/en\/wp-json\/wp\/v2\/pages\/17868\/revisions"}],"predecessor-version":[{"id":44721,"href":"https:\/\/provins.net\/en\/wp-json\/wp\/v2\/pages\/17868\/revisions\/44721"}],"wp:attachment":[{"href":"https:\/\/provins.net\/en\/wp-json\/wp\/v2\/media?parent=17868"}],"curies":[{"name":"wp","href":"https:\/\/api.w.org\/{rel}","templated":true}]}}