{"id":36752,"date":"2023-03-17T16:47:41","date_gmt":"2023-03-17T15:47:41","guid":{"rendered":"https:\/\/provins.net\/?page_id=36752"},"modified":"2023-03-17T16:53:33","modified_gmt":"2023-03-17T15:53:33","slug":"hiking-la-butte-a-queue-chat","status":"publish","type":"page","link":"https:\/\/provins.net\/en\/leisure-activities\/hiking-around-provins\/hiking-la-butte-a-queue-chat\/","title":{"rendered":"Hiking La Butte \u00e0 Queue Chat (Cat\u2019s Tail hill)"},"content":{"rendered":"<div class=\"wpb-content-wrapper\"><p>[vc_row][vc_column][vc_single_image image=&#8221;6843&#8243; img_size=&#8221;medium&#8221; alignment=&#8221;center&#8221;][vc_empty_space height=&#8221;50&#8243;][\/vc_column][\/vc_row][vc_row css=&#8221;.vc_custom_1623399491146{background-color: #c2d668 !important;border-radius: 3px !important;}&#8221;][vc_column][vc_empty_space height=&#8221;40px&#8221;][vc_column_text el_class=&#8221;accroche&#8221; css=&#8221;.vc_custom_1679068396932{border-top-width: 1px !important;border-right-width: 1px !important;border-bottom-width: 1px !important;border-left-width: 1px !important;background-color: #c2d668 !important;border-radius: 3px !important;}&#8221;]<\/p>\n<h1 style=\"text-align: center;\"><strong><span style=\"color: #ffffff;\">Hiking<\/span><\/strong><\/h1>\n<p>[\/vc_column_text][\/vc_column][\/vc_row][vc_row css=&#8221;.vc_custom_1623401808623{background-color: #004e88 !important;border-radius: 3px !important;}&#8221;][vc_column][vc_empty_space height=&#8221;25&#8243;][vc_column_text el_class=&#8221;accroche&#8221; css=&#8221;.vc_custom_1679068409748{border-top-width: 1px !important;border-right-width: 1px !important;border-bottom-width: 1px !important;border-left-width: 1px !important;background-color: #004e88 !important;border-radius: 3px !important;}&#8221;]<\/p>\n<h1 style=\"text-align: center;\"><strong><span style=\"color: #ffffff;\">in the Provinois, the Bass\u00e9e-Montois, and the Valleys of the 2 Morin<\/span><\/strong><\/h1>\n<p>[\/vc_column_text][\/vc_column][\/vc_row][vc_row][vc_column][vc_empty_space height=&#8221;40&#8243;][\/vc_column][\/vc_row][vc_row gap=&#8221;5&#8243; full_height=&#8221;yes&#8221; equal_height=&#8221;yes&#8221;][vc_column width=&#8221;1\/3&#8243;][vc_single_image image=&#8221;36121&#8243; img_size=&#8221;full&#8221; alignment=&#8221;center&#8221; onclick=&#8221;custom_link&#8221; img_link_target=&#8221;_blank&#8221; link=&#8221;https:\/\/provins.net\/wp-content\/uploads\/2023\/02\/CR-hiking-BASSEE-MONTOIS-la-butte-a-queue-chat.pdf&#8221;][\/vc_column][vc_column width=&#8221;2\/3&#8243;][vc_column_text el_class=&#8221;btntxt&#8221;]<\/p>\n<h2 style=\"text-align: center;\"><strong>Circuit N\u00b019 &#8211; Bass\u00e9e-Montois<\/strong><\/h2>\n<p>[\/vc_column_text][vc_column_text el_class=&#8221;btntxt&#8221;]<\/p>\n<h1 style=\"text-align: center;\"><strong>La Butte \u00e0 Queue Chat (Cat\u2019s Tail hill)<\/strong><\/h1>\n<p>[\/vc_column_text][vc_column_text]<\/p>\n<hr \/>\n<p>[\/vc_column_text][vc_column_text]<\/p>\n<h3 style=\"text-align: center;\">Another lesser-known site in Seine-et-Marne, yet is studded with surprises: Villenauxe and Villuis churches and the Queue Chat (cat\u2019s tail), overlooking the plain, which has been inhabited since Prehistoric times.<\/h3>\n<p>[\/vc_column_text][vc_column_text]<\/p>\n<p style=\"text-align: center;\"><strong>Departure: Notre-Dame de l&#8217;Assomption church, 8 Rue de l&#8217;\u00c9glise, 77480 Villenauxe-la-Petite.<\/strong><\/p>\n<p>[\/vc_column_text][vc_row_inner][vc_column_inner][vc_single_image image=&#8221;33106&#8243; img_size=&#8221;500&#215;300&#8243; alignment=&#8221;center&#8221;][\/vc_column_inner][\/vc_row_inner][\/vc_column][\/vc_row][vc_row][vc_column][vc_empty_space height=&#8221;32&#8243;][vc_separator color=&#8221;custom&#8221; style=&#8221;shadow&#8221; border_width=&#8221;4&#8243; accent_color=&#8221;#004e88&#8243;][\/vc_column][\/vc_row][vc_row content_placement=&#8221;middle&#8221;][vc_column width=&#8221;1\/2&#8243;][vc_cta h2=&#8221;&#8221; txt_align=&#8221;center&#8221; style=&#8221;3d&#8221; color=&#8221;white&#8221; add_button=&#8221;bottom&#8221; btn_title=&#8221;Download pdf file&#8221; btn_style=&#8221;custom&#8221; btn_custom_background=&#8221;#004e88&#8243; btn_custom_text=&#8221;#ffffff&#8221; btn_size=&#8221;lg&#8221; btn_align=&#8221;center&#8221; btn_link=&#8221;url:https%3A%2F%2Fprovins.net%2Fwp-content%2Fuploads%2F2023%2F02%2FCR-hiking-BASSEE-MONTOIS-la-butte-a-queue-chat.pdf|target:_blank&#8221; css=&#8221;.vc_custom_1679068338506{border-top-width: 1px !important;border-right-width: 1px !important;border-bottom-width: 1px !important;border-left-width: 1px !important;border-left-color: #004e88 !important;border-left-style: inherit !important;border-right-color: #004e88 !important;border-right-style: inherit !important;border-top-color: #004e88 !important;border-top-style: inherit !important;border-bottom-color: #004e88 !important;border-bottom-style: inherit !important;border-radius: 3px !important;}&#8221;]<img loading=\"lazy\" decoding=\"async\" class=\"aligncenter wp-image-21976\" src=\"https:\/\/www.provins.net\/wp-content\/uploads\/2021\/06\/randonnee-fichier-pdf-provins-1.jpg\" alt=\"T\u00e9l\u00e9charger le fichier PDF des randonn\u00e9es \u00e0 Provins, dans le Provinos, le Bass\u00e9e-Montois et les Vall\u00e9es des 2 Morin\" width=\"80\" height=\"80\" srcset=\"https:\/\/provins.net\/wp-content\/uploads\/2021\/06\/randonnee-fichier-pdf-provins-1.jpg 150w, https:\/\/provins.net\/wp-content\/uploads\/2021\/06\/randonnee-fichier-pdf-provins-1-100x100.jpg 100w, https:\/\/provins.net\/wp-content\/uploads\/2021\/06\/randonnee-fichier-pdf-provins-1-24x24.jpg 24w, https:\/\/provins.net\/wp-content\/uploads\/2021\/06\/randonnee-fichier-pdf-provins-1-36x36.jpg 36w, https:\/\/provins.net\/wp-content\/uploads\/2021\/06\/randonnee-fichier-pdf-provins-1-48x48.jpg 48w\" sizes=\"auto, (max-width: 80px) 100vw, 80px\" \/>[\/vc_cta][\/vc_column][vc_column width=&#8221;1\/2&#8243;][vc_cta h2=&#8221;&#8221; txt_align=&#8221;center&#8221; style=&#8221;3d&#8221; color=&#8221;white&#8221; add_button=&#8221;bottom&#8221; btn_title=&#8221;Download gpx plot&#8221; btn_style=&#8221;custom&#8221; btn_custom_background=&#8221;#004e88&#8243; btn_custom_text=&#8221;#ffffff&#8221; btn_size=&#8221;lg&#8221; btn_align=&#8221;center&#8221; btn_link=&#8221;url:http%3A%2F%2Fwww.randonnee-77.com%2Fwp-content%2Fuploads%2F2020%2F08%2Fla-butte-queue-chat.gpx|target:_blank&#8221; css=&#8221;.vc_custom_1679068351800{border-top-width: 1px !important;border-right-width: 1px !important;border-bottom-width: 1px !important;border-left-width: 1px !important;border-left-color: #004e88 !important;border-left-style: inherit !important;border-right-color: #004e88 !important;border-right-style: inherit !important;border-top-color: #004e88 !important;border-top-style: inherit !important;border-bottom-color: #004e88 !important;border-bottom-style: inherit !important;border-radius: 3px !important;}&#8221;]<img loading=\"lazy\" decoding=\"async\" class=\"aligncenter wp-image-21889\" src=\"https:\/\/www.provins.net\/wp-content\/uploads\/2021\/06\/randonnee-trace-gpx.jpg\" alt=\"T\u00e9l\u00e9charger le trac\u00e9 GPX des randonn\u00e9es \u00e0 Provins, dans le Provinos, le Bass\u00e9e-Montois et les Vall\u00e9es des 2 Morin\" width=\"80\" height=\"80\" srcset=\"https:\/\/provins.net\/wp-content\/uploads\/2021\/06\/randonnee-trace-gpx.jpg 150w, https:\/\/provins.net\/wp-content\/uploads\/2021\/06\/randonnee-trace-gpx-100x100.jpg 100w, https:\/\/provins.net\/wp-content\/uploads\/2021\/06\/randonnee-trace-gpx-24x24.jpg 24w, https:\/\/provins.net\/wp-content\/uploads\/2021\/06\/randonnee-trace-gpx-36x36.jpg 36w, https:\/\/provins.net\/wp-content\/uploads\/2021\/06\/randonnee-trace-gpx-48x48.jpg 48w\" sizes=\"auto, (max-width: 80px) 100vw, 80px\" \/>[\/vc_cta][\/vc_column][\/vc_row][vc_row][vc_column][vc_video link=&#8221;https:\/\/youtu.be\/P1Rf3HuZ2vE&#8221; el_aspect=&#8221;235&#8243; align=&#8221;center&#8221;][\/vc_column][\/vc_row][vc_row][vc_column][vc_empty_space height=&#8221;25&#8243;][vc_column_text]<\/p>\n<h4>You will also like&#8230;<\/h4>\n<p>[\/vc_column_text][vc_row_inner][vc_column_inner][vc_cta h2=&#8221;&#8221; css=&#8221;.vc_custom_1679068382021{background-color: rgba(181,169,153,0.5) !important;*background-color: rgb(181,169,153) !important;}&#8221;]<\/p>\n<h6 style=\"text-align: center;\"><span style=\"text-decoration: underline;\"><a href=\"https:\/\/provins.net\/en\/leisure-activities\/hiking-around-provins\/\">See all the hiking circuits in our region<\/a><\/span><\/h6>\n<p><a href=\"https:\/\/provins.net\/en\/leisure-activities\/hiking-around-provins\/\"><img loading=\"lazy\" decoding=\"async\" class=\"aligncenter wp-image-1986 size-medium\" src=\"https:\/\/provins.net\/wp-content\/uploads\/2018\/06\/randonnee-1-e1676910277425-300x194.jpg\" alt=\"Parcours de randonn\u00e9es \u00e0 Provins et sa r\u00e9gion\" width=\"300\" height=\"194\" srcset=\"https:\/\/provins.net\/wp-content\/uploads\/2018\/06\/randonnee-1-e1676910277425-300x194.jpg 300w, https:\/\/provins.net\/wp-content\/uploads\/2018\/06\/randonnee-1-e1676910277425-24x16.jpg 24w, https:\/\/provins.net\/wp-content\/uploads\/2018\/06\/randonnee-1-e1676910277425-36x23.jpg 36w, https:\/\/provins.net\/wp-content\/uploads\/2018\/06\/randonnee-1-e1676910277425-48x31.jpg 48w, https:\/\/provins.net\/wp-content\/uploads\/2018\/06\/randonnee-1-e1676910277425.jpg 760w\" sizes=\"auto, (max-width: 300px) 100vw, 300px\" \/><\/a>[\/vc_cta][\/vc_column_inner][\/vc_row_inner][\/vc_column][\/vc_row]<\/p>\n<\/div>","protected":false},"excerpt":{"rendered":"<p>[vc_row][vc_column][vc_single_image image=&#8221;6843&#8243; img_size=&#8221;medium&#8221; alignment=&#8221;center&#8221;][vc_empty_space height=&#8221;50&#8243;][\/vc_column][\/vc_row][vc_row css=&#8221;.vc_custom_1623399491146{background-color: #c2d668 !important;border-radius: 3px !important;}&#8221;][vc_column][vc_empty_space height=&#8221;40px&#8221;][vc_column_text el_class=&#8221;accroche&#8221; css=&#8221;.vc_custom_1679068396932{border-top-width: 1px !important;border-right-width: 1px !important;border-bottom-width: 1px !important;border-left-width: 1px !important;background-color: #c2d668 !important;border-radius: 3px !important;}&#8221;] Hiking [\/vc_column_text][\/vc_column][\/vc_row][vc_row css=&#8221;.vc_custom_1623401808623{background-color: #004e88 !important;border-radius: 3px !important;}&#8221;][vc_column][vc_empty_space height=&#8221;25&#8243;][vc_column_text el_class=&#8221;accroche&#8221; css=&#8221;.vc_custom_1679068409748{border-top-width: 1px !important;border-right-width: 1px !important;border-bottom-width: 1px !important;border-left-width: 1px !important;background-color: #004e88 !important;border-radius: 3px !important;}&#8221;] in the Provinois, the Bass\u00e9e-Montois, and the Valleys &hellip; <\/p>\n<p class=\"link-more\"><a href=\"https:\/\/provins.net\/en\/leisure-activities\/hiking-around-provins\/hiking-la-butte-a-queue-chat\/\" class=\"more-link\">Continue reading<span class=\"screen-reader-text\"> &#8220;Hiking La Butte \u00e0 Queue Chat (Cat\u2019s Tail hill)&#8221;<\/span><\/a><\/p>\n","protected":false},"author":3,"featured_media":0,"parent":17213,"menu_order":0,"comment_status":"closed","ping_status":"closed","template":"","meta":{"_acf_changed":false,"footnotes":""},"class_list":["post-36752","page","type-page","status-publish","hentry"],"acf":[],"yoast_head":"<!-- This site is optimized with the Yoast SEO plugin v27.2 - https:\/\/yoast.com\/product\/yoast-seo-wordpress\/ -->\n<title>Hiking La Butte \u00e0 Queue Chat (Cat\u2019s Tail hill) - Provins Tourisme, entre Bass\u00e9e, Montois et Provinois<\/title>\n<meta name=\"robots\" content=\"index, follow, max-snippet:-1, max-image-preview:large, max-video-preview:-1\" \/>\n<link rel=\"canonical\" href=\"https:\/\/provins.net\/en\/leisure-activities\/hiking-around-provins\/hiking-la-butte-a-queue-chat\/\" \/>\n<meta property=\"og:locale\" content=\"en_US\" \/>\n<meta property=\"og:type\" content=\"article\" \/>\n<meta property=\"og:title\" content=\"Hiking La Butte \u00e0 Queue Chat (Cat\u2019s Tail hill) - Provins Tourisme, entre Bass\u00e9e, Montois et Provinois\" \/>\n<meta property=\"og:description\" content=\"[vc_row][vc_column][vc_single_image image=&#8221;6843&#8243; img_size=&#8221;medium&#8221; alignment=&#8221;center&#8221;][vc_empty_space height=&#8221;50&#8243;][\/vc_column][\/vc_row][vc_row css=&#8221;.vc_custom_1623399491146{background-color: #c2d668 !important;border-radius: 3px !important;}&#8221;][vc_column][vc_empty_space height=&#8221;40px&#8221;][vc_column_text el_class=&#8221;accroche&#8221; css=&#8221;.vc_custom_1679068396932{border-top-width: 1px !important;border-right-width: 1px !important;border-bottom-width: 1px !important;border-left-width: 1px !important;background-color: #c2d668 !important;border-radius: 3px !important;}&#8221;] Hiking [\/vc_column_text][\/vc_column][\/vc_row][vc_row css=&#8221;.vc_custom_1623401808623{background-color: #004e88 !important;border-radius: 3px !important;}&#8221;][vc_column][vc_empty_space height=&#8221;25&#8243;][vc_column_text el_class=&#8221;accroche&#8221; css=&#8221;.vc_custom_1679068409748{border-top-width: 1px !important;border-right-width: 1px !important;border-bottom-width: 1px !important;border-left-width: 1px !important;background-color: #004e88 !important;border-radius: 3px !important;}&#8221;] in the Provinois, the Bass\u00e9e-Montois, and the Valleys &hellip; Continue reading &quot;Hiking La Butte \u00e0 Queue Chat (Cat\u2019s Tail hill)&quot;\" \/>\n<meta property=\"og:url\" content=\"https:\/\/provins.net\/en\/leisure-activities\/hiking-around-provins\/hiking-la-butte-a-queue-chat\/\" \/>\n<meta property=\"og:site_name\" content=\"Provins Tourisme, entre Bass\u00e9e, Montois et Provinois\" \/>\n<meta property=\"article:publisher\" content=\"https:\/\/www.facebook.com\/Cite.Medievale.de.Provins\" \/>\n<meta property=\"article:modified_time\" content=\"2023-03-17T15:53:33+00:00\" \/>\n<meta property=\"og:image\" content=\"https:\/\/www.provins.net\/wp-content\/uploads\/2021\/06\/randonnee-fichier-pdf-provins-1.jpg\" \/>\n<meta name=\"twitter:card\" content=\"summary_large_image\" \/>\n<meta name=\"twitter:site\" content=\"@provinsmedieval\" \/>\n<meta name=\"twitter:label1\" content=\"Est. reading time\" \/>\n\t<meta name=\"twitter:data1\" content=\"2 minutes\" \/>\n<script type=\"application\/ld+json\" class=\"yoast-schema-graph\">{\"@context\":\"https:\/\/schema.org\",\"@graph\":[{\"@type\":\"WebPage\",\"@id\":\"https:\/\/provins.net\/en\/leisure-activities\/hiking-around-provins\/hiking-la-butte-a-queue-chat\/\",\"url\":\"https:\/\/provins.net\/en\/leisure-activities\/hiking-around-provins\/hiking-la-butte-a-queue-chat\/\",\"name\":\"Hiking La Butte \u00e0 Queue Chat (Cat\u2019s Tail hill) - Provins Tourisme, entre Bass\u00e9e, Montois et Provinois\",\"isPartOf\":{\"@id\":\"https:\/\/provins.net\/#website\"},\"primaryImageOfPage\":{\"@id\":\"https:\/\/provins.net\/en\/leisure-activities\/hiking-around-provins\/hiking-la-butte-a-queue-chat\/#primaryimage\"},\"image\":{\"@id\":\"https:\/\/provins.net\/en\/leisure-activities\/hiking-around-provins\/hiking-la-butte-a-queue-chat\/#primaryimage\"},\"thumbnailUrl\":\"https:\/\/www.provins.net\/wp-content\/uploads\/2021\/06\/randonnee-fichier-pdf-provins-1.jpg\",\"datePublished\":\"2023-03-17T15:47:41+00:00\",\"dateModified\":\"2023-03-17T15:53:33+00:00\",\"breadcrumb\":{\"@id\":\"https:\/\/provins.net\/en\/leisure-activities\/hiking-around-provins\/hiking-la-butte-a-queue-chat\/#breadcrumb\"},\"inLanguage\":\"en-US\",\"potentialAction\":[{\"@type\":\"ReadAction\",\"target\":[\"https:\/\/provins.net\/en\/leisure-activities\/hiking-around-provins\/hiking-la-butte-a-queue-chat\/\"]}]},{\"@type\":\"ImageObject\",\"inLanguage\":\"en-US\",\"@id\":\"https:\/\/provins.net\/en\/leisure-activities\/hiking-around-provins\/hiking-la-butte-a-queue-chat\/#primaryimage\",\"url\":\"https:\/\/www.provins.net\/wp-content\/uploads\/2021\/06\/randonnee-fichier-pdf-provins-1.jpg\",\"contentUrl\":\"https:\/\/www.provins.net\/wp-content\/uploads\/2021\/06\/randonnee-fichier-pdf-provins-1.jpg\"},{\"@type\":\"BreadcrumbList\",\"@id\":\"https:\/\/provins.net\/en\/leisure-activities\/hiking-around-provins\/hiking-la-butte-a-queue-chat\/#breadcrumb\",\"itemListElement\":[{\"@type\":\"ListItem\",\"position\":1,\"name\":\"Accueil\",\"item\":\"https:\/\/provins.net\/en\/\"},{\"@type\":\"ListItem\",\"position\":2,\"name\":\"Leisure activities\",\"item\":\"https:\/\/provins.net\/en\/leisure-activities\/\"},{\"@type\":\"ListItem\",\"position\":3,\"name\":\"Hiking around Provins\",\"item\":\"https:\/\/provins.net\/en\/leisure-activities\/hiking-around-provins\/\"},{\"@type\":\"ListItem\",\"position\":4,\"name\":\"Hiking La Butte \u00e0 Queue Chat (Cat\u2019s Tail hill)\"}]},{\"@type\":\"WebSite\",\"@id\":\"https:\/\/provins.net\/#website\",\"url\":\"https:\/\/provins.net\/\",\"name\":\"Provins Tourisme, entre Bass\u00e9e, Montois et Morin\",\"description\":\"L&#039;Histoire se joue devant vous !\",\"publisher\":{\"@id\":\"https:\/\/provins.net\/#organization\"},\"potentialAction\":[{\"@type\":\"SearchAction\",\"target\":{\"@type\":\"EntryPoint\",\"urlTemplate\":\"https:\/\/provins.net\/?s={search_term_string}\"},\"query-input\":{\"@type\":\"PropertyValueSpecification\",\"valueRequired\":true,\"valueName\":\"search_term_string\"}}],\"inLanguage\":\"en-US\"},{\"@type\":\"Organization\",\"@id\":\"https:\/\/provins.net\/#organization\",\"name\":\"Office de Tourisme Provins\",\"url\":\"https:\/\/provins.net\/\",\"logo\":{\"@type\":\"ImageObject\",\"inLanguage\":\"en-US\",\"@id\":\"https:\/\/provins.net\/#\/schema\/logo\/image\/\",\"url\":\"https:\/\/provins.net\/wp-content\/uploads\/2018\/06\/logo-provins.jpg\",\"contentUrl\":\"https:\/\/provins.net\/wp-content\/uploads\/2018\/06\/logo-provins.jpg\",\"width\":140,\"height\":76,\"caption\":\"Office de Tourisme Provins\"},\"image\":{\"@id\":\"https:\/\/provins.net\/#\/schema\/logo\/image\/\"},\"sameAs\":[\"https:\/\/www.facebook.com\/Cite.Medievale.de.Provins\",\"https:\/\/x.com\/provinsmedieval\",\"https:\/\/www.instagram.com\/explore\/locations\/2329200\/cite-medievale-de-provins\/\",\"https:\/\/www.youtube.com\/channel\/UC1MU4-cvqf20wYSUteN2DKQ\"]}]}<\/script>\n<!-- \/ Yoast SEO plugin. -->","yoast_head_json":{"title":"Hiking La Butte \u00e0 Queue Chat (Cat\u2019s Tail hill) - Provins Tourisme, entre Bass\u00e9e, Montois et Provinois","robots":{"index":"index","follow":"follow","max-snippet":"max-snippet:-1","max-image-preview":"max-image-preview:large","max-video-preview":"max-video-preview:-1"},"canonical":"https:\/\/provins.net\/en\/leisure-activities\/hiking-around-provins\/hiking-la-butte-a-queue-chat\/","og_locale":"en_US","og_type":"article","og_title":"Hiking La Butte \u00e0 Queue Chat (Cat\u2019s Tail hill) - Provins Tourisme, entre Bass\u00e9e, Montois et Provinois","og_description":"[vc_row][vc_column][vc_single_image image=&#8221;6843&#8243; img_size=&#8221;medium&#8221; alignment=&#8221;center&#8221;][vc_empty_space height=&#8221;50&#8243;][\/vc_column][\/vc_row][vc_row css=&#8221;.vc_custom_1623399491146{background-color: #c2d668 !important;border-radius: 3px !important;}&#8221;][vc_column][vc_empty_space height=&#8221;40px&#8221;][vc_column_text el_class=&#8221;accroche&#8221; css=&#8221;.vc_custom_1679068396932{border-top-width: 1px !important;border-right-width: 1px !important;border-bottom-width: 1px !important;border-left-width: 1px !important;background-color: #c2d668 !important;border-radius: 3px !important;}&#8221;] Hiking [\/vc_column_text][\/vc_column][\/vc_row][vc_row css=&#8221;.vc_custom_1623401808623{background-color: #004e88 !important;border-radius: 3px !important;}&#8221;][vc_column][vc_empty_space height=&#8221;25&#8243;][vc_column_text el_class=&#8221;accroche&#8221; css=&#8221;.vc_custom_1679068409748{border-top-width: 1px !important;border-right-width: 1px !important;border-bottom-width: 1px !important;border-left-width: 1px !important;background-color: #004e88 !important;border-radius: 3px !important;}&#8221;] in the Provinois, the Bass\u00e9e-Montois, and the Valleys &hellip; Continue reading \"Hiking La Butte \u00e0 Queue Chat (Cat\u2019s Tail hill)\"","og_url":"https:\/\/provins.net\/en\/leisure-activities\/hiking-around-provins\/hiking-la-butte-a-queue-chat\/","og_site_name":"Provins Tourisme, entre Bass\u00e9e, Montois et Provinois","article_publisher":"https:\/\/www.facebook.com\/Cite.Medievale.de.Provins","article_modified_time":"2023-03-17T15:53:33+00:00","og_image":[{"url":"https:\/\/www.provins.net\/wp-content\/uploads\/2021\/06\/randonnee-fichier-pdf-provins-1.jpg","type":"","width":"","height":""}],"twitter_card":"summary_large_image","twitter_site":"@provinsmedieval","twitter_misc":{"Est. reading time":"2 minutes"},"schema":{"@context":"https:\/\/schema.org","@graph":[{"@type":"WebPage","@id":"https:\/\/provins.net\/en\/leisure-activities\/hiking-around-provins\/hiking-la-butte-a-queue-chat\/","url":"https:\/\/provins.net\/en\/leisure-activities\/hiking-around-provins\/hiking-la-butte-a-queue-chat\/","name":"Hiking La Butte \u00e0 Queue Chat (Cat\u2019s Tail hill) - Provins Tourisme, entre Bass\u00e9e, Montois et Provinois","isPartOf":{"@id":"https:\/\/provins.net\/#website"},"primaryImageOfPage":{"@id":"https:\/\/provins.net\/en\/leisure-activities\/hiking-around-provins\/hiking-la-butte-a-queue-chat\/#primaryimage"},"image":{"@id":"https:\/\/provins.net\/en\/leisure-activities\/hiking-around-provins\/hiking-la-butte-a-queue-chat\/#primaryimage"},"thumbnailUrl":"https:\/\/www.provins.net\/wp-content\/uploads\/2021\/06\/randonnee-fichier-pdf-provins-1.jpg","datePublished":"2023-03-17T15:47:41+00:00","dateModified":"2023-03-17T15:53:33+00:00","breadcrumb":{"@id":"https:\/\/provins.net\/en\/leisure-activities\/hiking-around-provins\/hiking-la-butte-a-queue-chat\/#breadcrumb"},"inLanguage":"en-US","potentialAction":[{"@type":"ReadAction","target":["https:\/\/provins.net\/en\/leisure-activities\/hiking-around-provins\/hiking-la-butte-a-queue-chat\/"]}]},{"@type":"ImageObject","inLanguage":"en-US","@id":"https:\/\/provins.net\/en\/leisure-activities\/hiking-around-provins\/hiking-la-butte-a-queue-chat\/#primaryimage","url":"https:\/\/www.provins.net\/wp-content\/uploads\/2021\/06\/randonnee-fichier-pdf-provins-1.jpg","contentUrl":"https:\/\/www.provins.net\/wp-content\/uploads\/2021\/06\/randonnee-fichier-pdf-provins-1.jpg"},{"@type":"BreadcrumbList","@id":"https:\/\/provins.net\/en\/leisure-activities\/hiking-around-provins\/hiking-la-butte-a-queue-chat\/#breadcrumb","itemListElement":[{"@type":"ListItem","position":1,"name":"Accueil","item":"https:\/\/provins.net\/en\/"},{"@type":"ListItem","position":2,"name":"Leisure activities","item":"https:\/\/provins.net\/en\/leisure-activities\/"},{"@type":"ListItem","position":3,"name":"Hiking around Provins","item":"https:\/\/provins.net\/en\/leisure-activities\/hiking-around-provins\/"},{"@type":"ListItem","position":4,"name":"Hiking La Butte \u00e0 Queue Chat (Cat\u2019s Tail hill)"}]},{"@type":"WebSite","@id":"https:\/\/provins.net\/#website","url":"https:\/\/provins.net\/","name":"Provins Tourisme, entre Bass\u00e9e, Montois et Morin","description":"L&#039;Histoire se joue devant vous !","publisher":{"@id":"https:\/\/provins.net\/#organization"},"potentialAction":[{"@type":"SearchAction","target":{"@type":"EntryPoint","urlTemplate":"https:\/\/provins.net\/?s={search_term_string}"},"query-input":{"@type":"PropertyValueSpecification","valueRequired":true,"valueName":"search_term_string"}}],"inLanguage":"en-US"},{"@type":"Organization","@id":"https:\/\/provins.net\/#organization","name":"Office de Tourisme Provins","url":"https:\/\/provins.net\/","logo":{"@type":"ImageObject","inLanguage":"en-US","@id":"https:\/\/provins.net\/#\/schema\/logo\/image\/","url":"https:\/\/provins.net\/wp-content\/uploads\/2018\/06\/logo-provins.jpg","contentUrl":"https:\/\/provins.net\/wp-content\/uploads\/2018\/06\/logo-provins.jpg","width":140,"height":76,"caption":"Office de Tourisme Provins"},"image":{"@id":"https:\/\/provins.net\/#\/schema\/logo\/image\/"},"sameAs":["https:\/\/www.facebook.com\/Cite.Medievale.de.Provins","https:\/\/x.com\/provinsmedieval","https:\/\/www.instagram.com\/explore\/locations\/2329200\/cite-medievale-de-provins\/","https:\/\/www.youtube.com\/channel\/UC1MU4-cvqf20wYSUteN2DKQ"]}]}},"_links":{"self":[{"href":"https:\/\/provins.net\/en\/wp-json\/wp\/v2\/pages\/36752","targetHints":{"allow":["GET"]}}],"collection":[{"href":"https:\/\/provins.net\/en\/wp-json\/wp\/v2\/pages"}],"about":[{"href":"https:\/\/provins.net\/en\/wp-json\/wp\/v2\/types\/page"}],"author":[{"embeddable":true,"href":"https:\/\/provins.net\/en\/wp-json\/wp\/v2\/users\/3"}],"replies":[{"embeddable":true,"href":"https:\/\/provins.net\/en\/wp-json\/wp\/v2\/comments?post=36752"}],"version-history":[{"count":3,"href":"https:\/\/provins.net\/en\/wp-json\/wp\/v2\/pages\/36752\/revisions"}],"predecessor-version":[{"id":36757,"href":"https:\/\/provins.net\/en\/wp-json\/wp\/v2\/pages\/36752\/revisions\/36757"}],"up":[{"embeddable":true,"href":"https:\/\/provins.net\/en\/wp-json\/wp\/v2\/pages\/17213"}],"wp:attachment":[{"href":"https:\/\/provins.net\/en\/wp-json\/wp\/v2\/media?parent=36752"}],"curies":[{"name":"wp","href":"https:\/\/api.w.org\/{rel}","templated":true}]}}